{"id":37,"date":"2025-10-08T15:50:19","date_gmt":"2025-10-08T15:50:19","guid":{"rendered":"https:\/\/www.poonis.fr\/wp\/?page_id=37"},"modified":"2026-01-21T16:26:43","modified_gmt":"2026-01-21T16:26:43","slug":"olivier-pollet-hello","status":"publish","type":"page","link":"https:\/\/coach-impact.bzh\/wp\/?page_id=37","title":{"rendered":"Profil et exp\u00e9riences"},"content":{"rendered":"\n<h1 class=\"wp-block-heading\">Une triple exp\u00e9rience<\/h1>\n\n\n\n<div class=\"wp-block-media-text is-stacked-on-mobile is-vertically-aligned-top\" style=\"grid-template-columns:25% auto\"><figure class=\"wp-block-media-text__media\"><img loading=\"lazy\" decoding=\"async\" width=\"269\" height=\"338\" src=\"https:\/\/coach-impact.bzh\/wp\/wp-content\/uploads\/2025\/10\/20251024125721-ee3e37b6-CUT.jpg\" alt=\"\" class=\"wp-image-296 size-full\" srcset=\"https:\/\/coach-impact.bzh\/wp\/wp-content\/uploads\/2025\/10\/20251024125721-ee3e37b6-CUT.jpg 269w, https:\/\/coach-impact.bzh\/wp\/wp-content\/uploads\/2025\/10\/20251024125721-ee3e37b6-CUT-239x300.jpg 239w\" sizes=\"auto, (max-width: 269px) 100vw, 269px\" \/><\/figure><div class=\"wp-block-media-text__content\">\n<p>D\u00e8s 23 ans, c&rsquo;est la voie de l&rsquo;insousciance : je cr\u00e9e une start-up avec mon fr\u00e8re, pionni\u00e8re de la <a href=\"#wistiti\">photo num\u00e9rique sur le web<\/a> naissant (nous sommes en 2000&#8230;).<\/p>\n\n\n\n<p>A 28 ans, c&rsquo;est l&rsquo;\u00e9lan du c\u0153ur, je cr\u00e9e une des premi\u00e8res agences de <a href=\"#escursia\" data-type=\"internal\" data-id=\"#wistiti\">voyages naturalistes<\/a> en France, au carrefour des voyages et de la connaissance de la nature&#8230; Pendant plus de 15 ans je parcours le globe &#8211; mais pas que \ud83d\ude09 &#8211; et m&rsquo;enivre des richesses sauvages de notre si belle plan\u00e8te&#8230;<\/p>\n\n\n\n<p>A 45 ans c&rsquo;est la voie de la sagesse, toujours anim\u00e9 par la curiosit\u00e9, mais avec un d\u00e9sir profond de me rapprocher de la terre, je cofonde un <a href=\"#heder\">habitat participatif<\/a> dans le Finsit\u00e8re.<\/p>\n\n\n\n<p>Aujourd&rsquo;hui je souhaite mettre mon savoir-faire et mon exp\u00e9rience au service de <a href=\"#accompagnement\">projets et d&rsquo;entrepreneurs<\/a> investis. <\/p>\n<\/div><\/div>\n\n\n\n<hr class=\"wp-block-coblocks-dynamic-separator\" style=\"height:50px\"\/>\n\n\n\n<div class=\"wp-block-group is-nowrap is-layout-flex wp-container-core-group-is-layout-6c531013 wp-block-group-is-layout-flex\">\n<h2 class=\"wp-block-heading\" id=\"wistiti\">1. Au d\u00e9but du web&#8230;<\/h2>\n<\/div>\n\n\n\n<div class=\"wp-block-media-text alignwide is-stacked-on-mobile is-vertically-aligned-center has-background\" style=\"background-color:#fffdea\"><figure class=\"wp-block-media-text__media\"><a href=\"https:\/\/www.smartphoto.fr\/\" target=\"_blank\" rel=\" noreferrer noopener\"><img loading=\"lazy\" decoding=\"async\" width=\"1024\" height=\"478\" src=\"https:\/\/coach-impact.bzh\/wp\/wp-content\/uploads\/2025\/10\/smartphoto-1-1024x478.png\" alt=\"\" class=\"wp-image-162 size-full\" srcset=\"https:\/\/coach-impact.bzh\/wp\/wp-content\/uploads\/2025\/10\/smartphoto-1-1024x478.png 1024w, https:\/\/coach-impact.bzh\/wp\/wp-content\/uploads\/2025\/10\/smartphoto-1-300x140.png 300w, https:\/\/coach-impact.bzh\/wp\/wp-content\/uploads\/2025\/10\/smartphoto-1-768x358.png 768w, https:\/\/coach-impact.bzh\/wp\/wp-content\/uploads\/2025\/10\/smartphoto-1-1536x716.png 1536w, https:\/\/coach-impact.bzh\/wp\/wp-content\/uploads\/2025\/10\/smartphoto-1.png 1904w\" sizes=\"auto, (max-width: 1024px) 100vw, 1024px\" \/><\/a><\/figure><div class=\"wp-block-media-text__content\">\n<div class=\"wp-block-group is-layout-flow wp-block-group-is-layout-flow\" style=\"padding-top:2em;padding-right:2em;padding-bottom:2em;padding-left:2em\">\n<p style=\"font-size:clamp(22.041px, 1.378rem + ((1vw - 3.2px) * 1.702), 36px);line-height:1.2\"><strong><a href=\"https:\/\/www.smartphoto.fr\/\" data-type=\"link\" data-id=\"https:\/\/www.smartphoto.fr\/\" target=\"_blank\" rel=\"noreferrer noopener\">smartphoto.com<\/a><\/strong><\/p>\n\n\n\n<p>wistiti.fr pionnier de la photo num\u00e9rique sur Internet d\u00e8s 2000, devenu smartphoto.com<\/p>\n\n\n\n<p class=\"has-extra-small-font-size\">CA 2024 80,5M\u20ac (Euronext: <strong><a href=\"https:\/\/www.boursorama.com\/cours\/FF11-SMAR\/\" target=\"_blank\" rel=\"noreferrer noopener\">SMAR<\/a><\/strong>)<\/p>\n<\/div>\n<\/div><\/div>\n\n\n\n<div class=\"wp-block-columns is-layout-flex wp-container-core-columns-is-layout-28f84493 wp-block-columns-is-layout-flex\">\n<div class=\"wp-block-column is-layout-flow wp-block-column-is-layout-flow\">\n<p> 1999, quelques soci\u00e9t\u00e9s pionni\u00e8res s&rsquo;appellent Google aux USA, et quelque part dans le Sentier \u00e0 Paris : GoVoyages, mais aussi Yahoo.fr, Lastminute&#8230; et au milieu de ces grands, deux fr\u00e8res d\u00e9cident de monter la premi\u00e8re soci\u00e9t\u00e9 de tirage photo num\u00e9rique &#8211; alors en plein boom &#8211; sur Internet.<\/p>\n\n\n\n<p>Wistiti.fr est cr\u00e9\u00e9e dans la cave de la maison, sur un serveur mont\u00e9 de toute pi\u00e8ce&#8230; les premi\u00e8res lignes de codes fonctionnent bien, des investisseurs sont s\u00e9duits, et quelques mois plus tard, nous faisions l&rsquo;acquisition d&rsquo;un Minilab Konika QD-21 pour s&rsquo;installer&#8230; dans la Sillicon Sentier of course \ud83d\ude09<\/p>\n<\/div>\n\n\n\n<div class=\"wp-block-column is-layout-flow wp-block-column-is-layout-flow\">\n<p>Des ann\u00e9es de travail acharn\u00e9, port\u00e9s par la passion et l&rsquo;\u00e9nergie de la jeunesse, et plusieurs milliers de lignes de code plus tard, nous parvenions \u00e0 cr\u00e9er la plus grosse communaut\u00e9 de partage de photos fran\u00e7aise sur Internet, avec plusieurs dizaines de milliers de comptes.<\/p>\n\n\n\n<p>Assez rapidement puisqu&rsquo;en 2003, un acteur europ\u00e9en bas\u00e9 en Belgique, lorgne sur le leader du march\u00e9, et rach\u00e8te Wistiti&#8230; mon fr\u00e8re restera aux commandes encore quelques ann\u00e9es avec brio, bravo \u00e0 toi Nico \ud83d\udc4f<\/p>\n\n\n\n<p><\/p>\n<\/div>\n<\/div>\n\n\n\n<blockquote class=\"wp-block-quote is-layout-flow wp-block-quote-is-layout-flow\">\n<p><em>Apprentissage : conna\u00eetre ses forces et ses faiblesses<\/em><\/p>\n<\/blockquote>\n\n\n\n<hr class=\"wp-block-coblocks-dynamic-separator\" style=\"height:50px\"\/>\n\n\n\n<h2 class=\"wp-block-heading\" id=\"escursia\">2. Un voyagiste singulier&#8230;<\/h2>\n\n\n\n<div class=\"wp-block-media-text alignwide has-media-on-the-right is-stacked-on-mobile is-vertically-aligned-center has-background\" style=\"background-color:#f1f5c7\"><div class=\"wp-block-media-text__content\">\n<div class=\"wp-block-group is-layout-flow wp-block-group-is-layout-flow\" style=\"padding-top:2em;padding-right:2em;padding-bottom:2em;padding-left:2em\">\n<p style=\"font-size:clamp(22.041px, 1.378rem + ((1vw - 3.2px) * 1.702), 36px);line-height:1.2\"><strong><a href=\"http:\/\/www.escursia.fr\" data-type=\"link\" data-id=\"www.escursia.fr\" target=\"_blank\" rel=\"noreferrer noopener\">www.escursia.fr<\/a><\/strong><\/p>\n\n\n\n<p>Leader des voyages naturalistes depuis 2004, fusionn\u00e9 avec <a href=\"http:\/\/www.terresoubliees.com\" data-type=\"link\" data-id=\"www.terresoubliees.com\">www.terresoubliees.com<\/a> en 2020.<\/p>\n\n\n\n<p class=\"has-extra-small-font-size\">Plus de 7M\u20ac de CA en 2025<\/p>\n<\/div>\n<\/div><figure class=\"wp-block-media-text__media\"><a href=\"https:\/\/www.escursia.fr\" target=\"_blank\" rel=\" noreferrer noopener\"><img loading=\"lazy\" decoding=\"async\" width=\"1024\" height=\"474\" src=\"https:\/\/coach-impact.bzh\/wp\/wp-content\/uploads\/2025\/10\/Escursia-1024x474.png\" alt=\"\" class=\"wp-image-161 size-full\" srcset=\"https:\/\/coach-impact.bzh\/wp\/wp-content\/uploads\/2025\/10\/Escursia-1024x474.png 1024w, https:\/\/coach-impact.bzh\/wp\/wp-content\/uploads\/2025\/10\/Escursia-300x139.png 300w, https:\/\/coach-impact.bzh\/wp\/wp-content\/uploads\/2025\/10\/Escursia-768x356.png 768w, https:\/\/coach-impact.bzh\/wp\/wp-content\/uploads\/2025\/10\/Escursia-1536x711.png 1536w, https:\/\/coach-impact.bzh\/wp\/wp-content\/uploads\/2025\/10\/Escursia.png 1915w\" sizes=\"auto, (max-width: 1024px) 100vw, 1024px\" \/><\/a><\/figure><\/div>\n\n\n\n<div class=\"wp-block-columns is-layout-flex wp-container-core-columns-is-layout-28f84493 wp-block-columns-is-layout-flex\">\n<div class=\"wp-block-column is-layout-flow wp-block-column-is-layout-flow\">\n<p><a href=\"https:\/\/www.escursia.fr\/\">Escursia<\/a> a tout d&rsquo;abord \u00e9t\u00e9 un r\u00eave, autour du voyage et de l&rsquo;apprentissage de la nature.<\/p>\n\n\n\n<p>Berc\u00e9 par les documentaires et par les voyages depuis mon plus jeune \u00e2ge, j&rsquo;ai eu le r\u00eave un peu fou de vouloir faire voyager des chercheurs, scientifiques, biologistes ou botanistes, avec du grand public. Avec le temps, le projet a m\u00fbri, passant des voyages <em>scientifiques<\/em> aux <em>naturalistes<\/em>, pour devenir \u00ab\u00a0les voyages du vivant\u00a0\u00bb.<\/p>\n\n\n\n<p>Des naturalistes passionn\u00e9s font d\u00e9couvrir leur passion aupr\u00e8s d&rsquo;un public amateur ou averti, autour de la faune et la flore, en France, en Europe et dans le monde&#8230;<\/p>\n<\/div>\n\n\n\n<div class=\"wp-block-column is-layout-flow wp-block-column-is-layout-flow\">\n<p>Durant toutes ces ann\u00e9es, j&rsquo;ai appris \u00e0 g\u00e9rer une TPE, traversant plusieurs temp\u00eates : de la crise des subprimes en 2008, aux cendres du volcan Islandais en 2014 (blocage des vols), et pour finir le COVID 19&#8230;<\/p>\n\n\n\n<p>Mais ce qui reste en m\u00e9moire, ce sont les voyages &amp; les rencontres, en Afrique et en Am\u00e9riques surtout, mais aussi en France que j&rsquo;ai bien sillonn\u00e9e.<\/p>\n\n\n\n<p>C&rsquo;est surtout avec les \u00e9quipes que j&rsquo;ai pu tisser des relations fortes, et vivre une vraie aventure d&rsquo;entreprise, avec une vision et une culture commune. Pas toujours facile avec tout le monde&#8230; je sais que cette partie a \u00e9t\u00e9 la plus challengeante pour moi !<\/p>\n<\/div>\n<\/div>\n\n\n\n<blockquote class=\"wp-block-quote is-layout-flow wp-block-quote-is-layout-flow\">\n<p><em>Apprentissage : allier passion et rentabilit\u00e9, c&rsquo;est possible ! <\/em><\/p>\n<\/blockquote>\n\n\n\n<hr class=\"wp-block-coblocks-dynamic-separator\" style=\"height:50px\"\/>\n\n\n\n<h2 class=\"wp-block-heading\" id=\"heder\">3. Le H\u00e9der, habitat participatif et \u00e9colieu<\/h2>\n\n\n\n<div class=\"wp-block-media-text alignwide has-media-on-the-right is-stacked-on-mobile is-vertically-aligned-center has-background\" style=\"background-color:#f1f5c7\"><div class=\"wp-block-media-text__content\">\n<div class=\"wp-block-group is-layout-flow wp-block-group-is-layout-flow\" style=\"padding-top:2em;padding-right:2em;padding-bottom:2em;padding-left:2em\">\n<p style=\"font-size:clamp(22.041px, 1.378rem + ((1vw - 3.2px) * 1.702), 36px);line-height:1.2\"><strong><a href=\"http:\/\/www.escursia.fr\" data-type=\"link\" data-id=\"www.escursia.fr\">Le H\u00e9der<\/a><\/strong><\/p>\n\n\n\n<p>Habitat participatif et \u00e9colieu en Finist\u00e8re<\/p>\n\n\n\n<p class=\"has-extra-small-font-size\">18p  \u2022 6 Foyers \u2022 9 adultes et 9 enfants<\/p>\n\n\n\n<p>3 Ha de terrain \u2022 1000m2 de b\u00e2ti<\/p>\n<\/div>\n<\/div><figure class=\"wp-block-media-text__media\"><img loading=\"lazy\" decoding=\"async\" width=\"813\" height=\"631\" src=\"https:\/\/coach-impact.bzh\/wp\/wp-content\/uploads\/2025\/10\/Heder.jpg\" alt=\"\" class=\"wp-image-17 size-full\" srcset=\"https:\/\/coach-impact.bzh\/wp\/wp-content\/uploads\/2025\/10\/Heder.jpg 813w, https:\/\/coach-impact.bzh\/wp\/wp-content\/uploads\/2025\/10\/Heder-300x233.jpg 300w, https:\/\/coach-impact.bzh\/wp\/wp-content\/uploads\/2025\/10\/Heder-768x596.jpg 768w\" sizes=\"auto, (max-width: 813px) 100vw, 813px\" \/><\/figure><\/div>\n\n\n\n<div class=\"wp-block-columns is-layout-flex wp-container-core-columns-is-layout-28f84493 wp-block-columns-is-layout-flex\">\n<div class=\"wp-block-column is-layout-flow wp-block-column-is-layout-flow\">\n<p>Le H\u00e9der est un projet humain avant tout : 3 familles ont d\u00e9cid\u00e9 de quitter Nantes en 2021 pour rejoindre le Finist\u00e8re Sud, et acheter ensemble une <strong>ancienne cidrerie<\/strong>. Au total plus de 3 Ha de terrain et 1000m2 de b\u00e2ti \u00e0 r\u00e9nover.<\/p>\n<p>Aujourd&rsquo;hui le projet compte 6 foyers, et le collectif continue de s&rsquo;agrandir pour viser \u00e0 terme une dizaine de foyers.<\/p>\n\n\n\n<p><strong>Agro\u00e9cologie<\/strong> exp\u00e9rimentale et nourrici\u00e8re, construction \u00e9cologique avec <strong>mat\u00e9riaux bio-sourc\u00e9s<\/strong>, implication aupr\u00e8s des instances locales pour cr\u00e9er un projet coop\u00e9ratif avant tout.<\/p>\n<\/div>\n\n\n\n<div class=\"wp-block-column is-layout-flow wp-block-column-is-layout-flow\">\n<p>Le H\u00e9der, c&rsquo;est un projet d&rsquo;habitat, mais pas uniquement. C&rsquo;est un <strong>projet collectif global<\/strong> !<\/p>\n\n\n\n<p>Au d\u00e9part un r\u00eave partag\u00e9 : acheter en commun \u00e0 plusieurs familles, collaborer, partager, faire ensemble.<\/p>\n\n\n\n<p>Mais rapidement les challenges sont nombreux : travaux lourds \u00e0 porter, budgets h\u00e9t\u00e9rog\u00e8nes, arriv\u00e9es et d\u00e9parts de familles&#8230;<\/p>\n\n\n\n<p>Autant de d\u00e9fis que nous avons pu en partie relever gr\u00e2ce aux nombreux outils d&rsquo;intelligence collective et \u00e9motionnelle, aux bo\u00eete \u00e0 outils, aux lectures, mais surtout et avant tout, aux pratiques que nous avons ensemble depuis 5 ans.<\/p>\n<\/div>\n<\/div>\n\n\n\n<blockquote class=\"wp-block-quote is-layout-flow wp-block-quote-is-layout-flow\">\n<p><em>Apprentissage : dans un projet collectif<\/em>, <em>c&rsquo;est l&rsquo;humain avant tout !<\/em><\/p>\n<\/blockquote>\n\n\n\n<hr class=\"wp-block-coblocks-dynamic-separator\" style=\"height:50px\"\/>\n\n\n\n<h2 class=\"wp-block-heading\" id=\"accompagnement\">\u279c Coach d&rsquo;entrepreneurs : une nouvelle passion<\/h2>\n\n\n\n<div class=\"wp-block-group alignfull has-background is-layout-flow wp-block-group-is-layout-flow\" style=\"background-color:#f2f0e9\">\n<div style=\"height:70px\" aria-hidden=\"true\" class=\"wp-block-spacer\"><\/div>\n\n\n\n<div class=\"wp-block-columns alignwide are-vertically-aligned-center is-layout-flex wp-container-core-columns-is-layout-28f84493 wp-block-columns-is-layout-flex\">\n<div class=\"wp-block-column is-layout-flow wp-block-column-is-layout-flow\" style=\"flex-basis:50%\">\n<p class=\"has-text-color\" style=\"color:#000000;font-size:clamp(18.959px, 1.185rem + ((1vw - 3.2px) * 1.346), 30px);line-height:1.1\"><strong>Ma philisophie d&rsquo;accompagnement<\/strong><\/p>\n<\/div>\n\n\n\n<div class=\"wp-block-column is-layout-flow wp-block-column-is-layout-flow\" style=\"flex-basis:50%\">\n<hr class=\"wp-block-separator has-text-color has-css-opacity has-background is-style-wide\" style=\"background-color:#000000;color:#000000\"\/>\n<\/div>\n<\/div>\n\n\n\n<div class=\"wp-block-columns alignwide is-layout-flex wp-container-core-columns-is-layout-28f84493 wp-block-columns-is-layout-flex\">\n<div class=\"wp-block-column is-layout-flow wp-block-column-is-layout-flow\"><\/div>\n\n\n\n<div class=\"wp-block-column is-layout-flow wp-block-column-is-layout-flow\">\n<p class=\"has-text-color has-extra-small-font-size\" style=\"color:#000000\">Je propose un accompagnement global, profond et engag\u00e9, sur des missions ponctuelles \u00e0 dur\u00e9es variables (1 jour \u00e0 1 an).<\/p>\n\n\n\n<p>Je suis \u00e0 l\u2019aise avec les aspects commerciaux, positionnement de marque &amp; USP, mais aussi la gestion et l\u2019optimisation de la gestion administrative notamment. Je connais bien la finance (ma formation initiale) et la lev\u00e9e de fond, que j\u2019ai r\u00e9alis\u00e9 ou accompagn\u00e9 \u00e0 de nombreuses reprises&#8230;<\/p>\n\n\n\n<p>Mais ce qui me pla\u00eet le plus touche \u00e0 la vision strat\u00e9gique globale, l\u2019aide au pilotage, et la recherche assidue du \u00ab&nbsp;point de bascule&nbsp;\u00bb, du n\u0153ud gordien, pour d\u00e9busquer la faille ou flairer la bonne piste \u00e0 traquer&#8230;<\/p>\n\n\n\n<p><\/p>\n<\/div>\n\n\n\n<div class=\"wp-block-column is-layout-flow wp-block-column-is-layout-flow\">\n<p class=\"has-text-color has-extra-small-font-size\" style=\"color:#000000\">J\u2019aime particuli\u00e8rement orchestrer la marche globale d\u2019une entreprise, pour la mener vers la r\u00e9ussite et l\u2019aider \u00e0 acc\u00e9der \u00e0 sa raison d\u2019\u00eatre.<\/p>\n\n\n\n<p>J\u2019appr\u00e9cie accompagner les start-up en phase d&rsquo;amor\u00e7age (seed et seed extension), ces TPE qui cherchent \u00e0 transformer l\u2019essai apr\u00e8s des mois, voire des ann\u00e9es de recherche et r\u00e9flexions&#8230;<\/p>\n\n\n\n<p>Je porte un int\u00e9r\u00eat fort envers les soci\u00e9t\u00e9s \u00e0 impact soci\u00e9tal ou environnemental, et leurs fondateurs anim\u00e9s par une vision innovante.<\/p>\n\n\n\n<p class=\"has-text-color has-extra-small-font-size\" style=\"color:#000000\">Enfin, je connais bien les domaines suivants&nbsp;: tourisme (voyagiste &amp; h\u00f4tellerie), informatique (libre &amp; open source), agriculture (dipl\u00f4me agricole), construction (5 ans de r\u00e9novation du H\u00e9der en collectif).<\/p>\n<\/div>\n<\/div>\n\n\n\n<div style=\"height:40px\" aria-hidden=\"true\" class=\"wp-block-spacer\"><\/div>\n<\/div>\n\n\n\n<div class=\"wp-block-cover alignfull is-light\"><span aria-hidden=\"true\" class=\"wp-block-cover__background has-background-dim-100 has-background-dim\" style=\"background-color:#ffffff\"><\/span><div class=\"wp-block-cover__inner-container is-layout-flow wp-block-cover-is-layout-flow\">\n<h2 class=\"wp-block-heading\">Exemples d&rsquo;accompagnement<\/h2>\n\n\n\n<div class=\"wp-block-media-text alignwide is-stacked-on-mobile is-vertically-aligned-center is-image-fill-element\" style=\"grid-template-columns:44% auto\"><figure class=\"wp-block-media-text__media\"><img loading=\"lazy\" decoding=\"async\" width=\"1024\" height=\"582\" src=\"https:\/\/coach-impact.bzh\/wp\/wp-content\/uploads\/2025\/10\/Koz-Couv1-1024x582.jpg\" alt=\"\" class=\"wp-image-21 size-full\" style=\"object-position:50% 50%\"\/><\/figure><div class=\"wp-block-media-text__content\">\n<h2 class=\"wp-block-heading has-text-color\" style=\"color:#000000;font-size:clamp(20px, 1.25rem + ((1vw - 3.2px) * 1.463), 32px);\"><strong>Koz &#8211; les surfs en myc\u00e9lium<\/strong><\/h2>\n\n\n\n<p class=\"has-text-color\" style=\"color:#000000;font-size:clamp(14px, 0.875rem + ((1vw - 3.2px) * 0.366), 17px);\">Pendant plus de 3 ans, Koz a d\u00e9velopp\u00e9 une expertise dans le domaine de la <strong>Biotech<\/strong>, et d\u00e9tient d\u00e9sormais un mat\u00e9riau brevetetable, pouvant rentrer dans la production d\u2019objets grands publics (notamment articles de sport)<\/p>\n\n\n\n<p class=\"has-text-color\" style=\"color:#000000;font-size:clamp(14px, 0.875rem + ((1vw - 3.2px) * 0.366), 17px);\">Leur recette repose principalement sur des <strong>composants organiques comme le myc\u00e9lium<\/strong> et certains d\u00e9chets v\u00e9g\u00e9taux. Le r\u00e9sultat est stup\u00e9fiant et donne un mat\u00e9riau ultra r\u00e9silient, \u00e0 la fois solide et souple, tr\u00e8s agr\u00e9able au toucher puisque naturel.<\/p>\n\n\n\n<div class=\"wp-block-buttons is-layout-flex wp-block-buttons-is-layout-flex\">\n<div class=\"wp-block-button is-style-fill\"><a class=\"wp-block-button__link wp-element-button\" href=\"https:\/\/coach-impact.bzh\/wp\/?page_id=49\">EN SAVOIR PLUS<\/a><\/div>\n<\/div>\n<\/div><\/div>\n\n\n\n<hr class=\"wp-block-coblocks-dynamic-separator\" style=\"height:50px\"\/>\n\n\n\n<div class=\"wp-block-media-text alignwide has-media-on-the-right is-stacked-on-mobile is-vertically-aligned-center is-image-fill-element\" style=\"grid-template-columns:auto 44%\"><div class=\"wp-block-media-text__content\">\n<h2 class=\"wp-block-heading has-text-color\" style=\"color:#000000;font-size:clamp(20px, 1.25rem + ((1vw - 3.2px) * 1.463), 32px);\"><strong>Accolades &#8211; Pour un num\u00e9rique libre<\/strong><\/h2>\n\n\n\n<p class=\"has-text-color\" style=\"color:#000000;font-size:clamp(14px, 0.875rem + ((1vw - 3.2px) * 0.366), 17px);\">Accolades propose <strong>les outils num\u00e9riques majeurs<\/strong> (cloud, suite collaborative, compta, CRM, mails, web&#8230;) avec <strong>des logiciels libres et open source<\/strong>. Tout est <strong>h\u00e9berg\u00e9 en local<\/strong> chez le client, et des backups sont assur\u00e9s \u00e0 l&rsquo;ext\u00e9rieur. <br>&nbsp;<br>&nbsp;A l&rsquo;heure des nouveaux enjeux de souverainet\u00e9 et de s\u00e9curit\u00e9 num\u00e9rique, cette nouvelle offre est vraiment pertinente. Si le sujet vous int\u00e9resse, je vous invite \u00e0 regarder leur <a href=\"https:\/\/accolades.coop\/services.html\">solution<\/a>&nbsp;compl\u00e8te.<\/p>\n\n\n\n<div class=\"wp-block-buttons is-layout-flex wp-block-buttons-is-layout-flex\">\n<div class=\"wp-block-button is-style-fill\"><a class=\"wp-block-button__link wp-element-button\" href=\"https:\/\/accolades.coop\/\" target=\"_blank\" rel=\"noreferrer noopener\">EN SAVOIR PLUS<\/a><\/div>\n<\/div>\n<\/div><figure class=\"wp-block-media-text__media\"><a href=\"https:\/\/accolades.coop\/\" target=\"_blank\" rel=\" noreferrer noopener\"><img loading=\"lazy\" decoding=\"async\" width=\"1024\" height=\"576\" src=\"https:\/\/coach-impact.bzh\/wp\/wp-content\/uploads\/2025\/10\/Accolades-Services-1024x576.png\" alt=\"\" class=\"wp-image-16 size-full\" style=\"object-position:50% 50%\" srcset=\"https:\/\/coach-impact.bzh\/wp\/wp-content\/uploads\/2025\/10\/Accolades-Services-1024x576.png 1024w, https:\/\/coach-impact.bzh\/wp\/wp-content\/uploads\/2025\/10\/Accolades-Services-300x169.png 300w, https:\/\/coach-impact.bzh\/wp\/wp-content\/uploads\/2025\/10\/Accolades-Services-768x432.png 768w, https:\/\/coach-impact.bzh\/wp\/wp-content\/uploads\/2025\/10\/Accolades-Services-1536x864.png 1536w, https:\/\/coach-impact.bzh\/wp\/wp-content\/uploads\/2025\/10\/Accolades-Services.png 1920w\" sizes=\"auto, (max-width: 1024px) 100vw, 1024px\" \/><\/a><\/figure><\/div>\n<\/div><\/div>\n\n\n\n<hr class=\"wp-block-coblocks-dynamic-separator\" style=\"height:50px\"\/>\n\n\n\n<div class=\"wp-block-group alignfull has-text-color has-background is-layout-flow wp-block-group-is-layout-flow\" style=\"color:#000000;background-color:#ffffff\">\n<p class=\"has-text-align-center has-small-font-size\" style=\"line-height:.9\"><strong>GET IN TOUCH<\/strong><\/p>\n\n\n\n<h2 class=\"wp-block-heading has-text-align-center\" id=\"schedule-a-visit\" style=\"font-size:clamp(32.969px, 2.061rem + ((1vw - 3.2px) * 3.175), 59px);px;line-height:1.15\"><strong>Rencontrons-nous<\/strong><\/h2>\n\n\n\n<div class=\"wp-block-buttons is-horizontal is-content-justification-center is-layout-flex wp-container-core-buttons-is-layout-03627597 wp-block-buttons-is-layout-flex\">\n<div class=\"wp-block-button has-custom-width wp-block-button__width-50\"><a class=\"wp-block-button__link has-text-color has-background wp-element-button\" href=\"https:\/\/calendly.com\/opollet\/30min\" style=\"border-radius:50px;color:#ffffff;background-color:#000000\" target=\"_blank\" rel=\"noreferrer noopener\">Booker une visio \/ rencontre<\/a><\/div>\n<\/div>\n\n\n\n<div style=\"height:64px\" aria-hidden=\"true\" class=\"wp-block-spacer\"><\/div>\n<\/div>\n","protected":false},"excerpt":{"rendered":"<p>Une triple exp\u00e9rience D\u00e8s 23 ans, c&rsquo;est la voie de l&rsquo;insousciance : je cr\u00e9e une start-up avec mon fr\u00e8re, pionni\u00e8re de la photo num\u00e9rique sur le web naissant (nous sommes en 2000&#8230;). A 28 ans, c&rsquo;est l&rsquo;\u00e9lan du c\u0153ur, je cr\u00e9e une des premi\u00e8res agences de voyages naturalistes en France, au carrefour des voyages et [&hellip;]<\/p>\n","protected":false},"author":1,"featured_media":0,"parent":0,"menu_order":0,"comment_status":"closed","ping_status":"closed","template":"","meta":{"_coblocks_attr":"","_coblocks_dimensions":"","_coblocks_responsive_height":"","_coblocks_accordion_ie_support":"","footnotes":""},"class_list":["post-37","page","type-page","status-publish","hentry"],"_links":{"self":[{"href":"https:\/\/coach-impact.bzh\/wp\/index.php?rest_route=\/wp\/v2\/pages\/37","targetHints":{"allow":["GET"]}}],"collection":[{"href":"https:\/\/coach-impact.bzh\/wp\/index.php?rest_route=\/wp\/v2\/pages"}],"about":[{"href":"https:\/\/coach-impact.bzh\/wp\/index.php?rest_route=\/wp\/v2\/types\/page"}],"author":[{"embeddable":true,"href":"https:\/\/coach-impact.bzh\/wp\/index.php?rest_route=\/wp\/v2\/users\/1"}],"replies":[{"embeddable":true,"href":"https:\/\/coach-impact.bzh\/wp\/index.php?rest_route=%2Fwp%2Fv2%2Fcomments&post=37"}],"version-history":[{"count":86,"href":"https:\/\/coach-impact.bzh\/wp\/index.php?rest_route=\/wp\/v2\/pages\/37\/revisions"}],"predecessor-version":[{"id":345,"href":"https:\/\/coach-impact.bzh\/wp\/index.php?rest_route=\/wp\/v2\/pages\/37\/revisions\/345"}],"wp:attachment":[{"href":"https:\/\/coach-impact.bzh\/wp\/index.php?rest_route=%2Fwp%2Fv2%2Fmedia&parent=37"}],"curies":[{"name":"wp","href":"https:\/\/api.w.org\/{rel}","templated":true}]}}