{"id":3,"date":"2025-09-15T16:16:45","date_gmt":"2025-09-15T16:16:45","guid":{"rendered":"https:\/\/www.poonis.fr\/wp\/?page_id=3"},"modified":"2025-11-07T14:36:20","modified_gmt":"2025-11-07T14:36:20","slug":"privacy-policy","status":"publish","type":"page","link":"https:\/\/coach-impact.bzh\/wp\/?page_id=3","title":{"rendered":"Mentions l\u00e9gales"},"content":{"rendered":"\n<h2 class=\"wp-block-heading\">\u00c9diteur<\/h2>\n\n\n\n<p><strong>OLIVIER POLLET<\/strong><br>10 LE H\u00c9DER<br>29360 CLOHARS CARNO\u00cbT<br><\/p>\n\n\n\n<hr class=\"wp-block-separator has-alpha-channel-opacity\"\/>\n\n\n\n<h2 class=\"wp-block-heading\">H\u00e9bergement<\/h2>\n\n\n\n<p>Serveur auto-h\u00e9berg\u00e9<\/p>\n\n\n\n<p><strong>OLIVIER POLLET<\/strong><br>10 LE H\u00c9DER<br>29360 CLOHARS CARNO\u00cbT<\/p>\n\n\n\n<hr class=\"wp-block-separator has-alpha-channel-opacity\"\/>\n\n\n\n<h2 class=\"wp-block-heading\" id=\"DonneesPersonnelles\">Donn\u00e9es personnelles<\/h2>\n\n\n\n<p>Sur le site d&rsquo;Olivier Pollet, seul notre formulaire de contact nous permet de recueillir et traiter certaines de vos donn\u00e9es personnelles.<\/p>\n\n\n\n<p>Lorsque vous envoyez une demande via notre formulaire de contact ou que vous nous contactez directement, ce site web repr\u00e9sent\u00e9 par Olivier Pollet, peut \u00eatre amen\u00e9e \u00e0 traiter les donn\u00e9es personnelles que vous nous transmettez (nom, pr\u00e9nom, adresse mail et \u00e9ventuellement t\u00e9l\u00e9phone). Nous le faisons dans le cadre de notre int\u00e9r\u00eat l\u00e9gitime \u00e0 g\u00e9rer votre demande et \u00e0 y apporter une r\u00e9ponse adapt\u00e9e.<\/p>\n\n\n\n<p>Ces informations sont uniquement utilis\u00e9es pour la gestion de votre demande et \u00e0 destination seule d&rsquo;Olivier Pollet. Vous ne serez pas automatiquement inscrit \u00e0 une newsletter et ne recevrez pas de publicit\u00e9s de notre part. Nous conservons vos donn\u00e9es pendant 3 ans apr\u00e8s votre dernier contact.<\/p>\n\n\n\n<p>Vous disposez des droits suivants concernant vos donn\u00e9es :<\/p>\n\n\n\n<ul class=\"wp-block-list\">\n<li>Droit d\u2019acc\u00e8s : vous pouvez acc\u00e9der aux donn\u00e9es vous concernant,<\/li>\n\n\n\n<li>Droit de rectification : vous pouvez demander \u00e0 corriger vos donn\u00e9es,<\/li>\n\n\n\n<li>Droit d\u2019effacement : vous pouvez demander \u00e0 ce que vos donn\u00e9es soient effac\u00e9es,<\/li>\n\n\n\n<li>Droit de limitation : vous pouvez demander la suspension du traitement de vos donn\u00e9es,<\/li>\n\n\n\n<li>Droit d\u2019opposition : vous pouvez vous opposer au traitement de vos donn\u00e9es,<\/li>\n\n\n\n<li>Droit de d\u00e9finir des directives relatives au sort de vos donn\u00e9es \u00e0 caract\u00e8re personnel apr\u00e8s votre mort.<\/li>\n<\/ul>\n\n\n\n<p>Pour exercer vos droits ou pour toute question li\u00e9e \u00e0 la protection des donn\u00e9es, vous pouvez contacter notre D\u00e9l\u00e9gu\u00e9\u00b7e \u00e0 la Protection des Donn\u00e9es via notre <a href=\"https:\/\/www.poonis.fr\/wp\/#contact\" data-type=\"page\" data-id=\"9\">formulaire de contact<\/a>.<\/p>\n\n\n\n<p>Si apr\u00e8s nous avoir contact\u00e9s, vous estimez que vos droits n\u2019ont pas \u00e9t\u00e9 respect\u00e9s, vous pouvez adresser une r\u00e9clamation aupr\u00e8s de la <a href=\"https:\/\/www.cnil.fr\/\" target=\"_blank\" rel=\"noreferrer noopener\">CNIL<\/a>.<\/p>\n\n\n\n<hr class=\"wp-block-separator has-alpha-channel-opacity\"\/>\n\n\n\n<h2 class=\"wp-block-heading\">Liens<\/h2>\n\n\n\n<p>Les sites reli\u00e9s directement ou indirectement au site <a href=\"https:\/\/accolades.coop\">https:\/\/www.poonis.fr<\/a>, ne sont pas sous son contr\u00f4le. En cons\u00e9quence, Olivier Pollet n\u2019assume aucune responsabilit\u00e9 quant aux informations publi\u00e9es sur ces sites. Les liens avec des sites ext\u00e9rieurs ne sont fournis qu\u2019\u00e0 titre de commodit\u00e9 et n\u2019impliquent aucune caution quant \u00e0 leur contenu.<\/p>\n\n\n\n<hr class=\"wp-block-separator has-alpha-channel-opacity\"\/>\n\n\n\n<h2 class=\"wp-block-heading\">Cr\u00e9dit<\/h2>\n\n\n\n<p>L\u2019utilisateur qui souhaite r\u00e9utiliser les contenus ainsi mis \u00e0 disposition doit imp\u00e9rativement indiquer :<\/p>\n\n\n\n<p>Le titre associ\u00e9 au contenu,<\/p>\n\n\n\n<p>La paternit\u00e9 du contenu par la mention suivante : \u00ab Source : OLIVIER POLLET \u2013 https:\/\/www.poonis.fr \u00bb<\/p>\n\n\n\n<p>L\u2019indication de la licence sous la quelle le contenu ou la donn\u00e9e a \u00e9t\u00e9 mis \u00e0 disposition \u00e0 l\u2019aide de la mention <strong>CC-BY-SA<\/strong> ou de l\u2019iconographie suivante : <\/p>\n\n\n\n<figure class=\"wp-block-image size-full\"><img loading=\"lazy\" decoding=\"async\" width=\"75\" height=\"26\" src=\"https:\/\/coach-impact.bzh\/wp\/wp-content\/uploads\/2025\/10\/by-sa.webp\" alt=\"\" class=\"wp-image-284\"\/><\/figure>\n\n\n\n<p><\/p>\n","protected":false},"excerpt":{"rendered":"<p>\u00c9diteur OLIVIER POLLET10 LE H\u00c9DER29360 CLOHARS CARNO\u00cbT H\u00e9bergement Serveur auto-h\u00e9berg\u00e9 OLIVIER POLLET10 LE H\u00c9DER29360 CLOHARS CARNO\u00cbT Donn\u00e9es personnelles Sur le site d&rsquo;Olivier Pollet, seul notre formulaire de contact nous permet de recueillir et traiter certaines de vos donn\u00e9es personnelles. Lorsque vous envoyez une demande via notre formulaire de contact ou que vous nous contactez directement, [&hellip;]<\/p>\n","protected":false},"author":1,"featured_media":0,"parent":0,"menu_order":0,"comment_status":"closed","ping_status":"closed","template":"","meta":{"_coblocks_attr":"","_coblocks_dimensions":"","_coblocks_responsive_height":"","_coblocks_accordion_ie_support":"","footnotes":""},"class_list":["post-3","page","type-page","status-publish","hentry"],"_links":{"self":[{"href":"https:\/\/coach-impact.bzh\/wp\/index.php?rest_route=\/wp\/v2\/pages\/3","targetHints":{"allow":["GET"]}}],"collection":[{"href":"https:\/\/coach-impact.bzh\/wp\/index.php?rest_route=\/wp\/v2\/pages"}],"about":[{"href":"https:\/\/coach-impact.bzh\/wp\/index.php?rest_route=\/wp\/v2\/types\/page"}],"author":[{"embeddable":true,"href":"https:\/\/coach-impact.bzh\/wp\/index.php?rest_route=\/wp\/v2\/users\/1"}],"replies":[{"embeddable":true,"href":"https:\/\/coach-impact.bzh\/wp\/index.php?rest_route=%2Fwp%2Fv2%2Fcomments&post=3"}],"version-history":[{"count":3,"href":"https:\/\/coach-impact.bzh\/wp\/index.php?rest_route=\/wp\/v2\/pages\/3\/revisions"}],"predecessor-version":[{"id":340,"href":"https:\/\/coach-impact.bzh\/wp\/index.php?rest_route=\/wp\/v2\/pages\/3\/revisions\/340"}],"wp:attachment":[{"href":"https:\/\/coach-impact.bzh\/wp\/index.php?rest_route=%2Fwp%2Fv2%2Fmedia&parent=3"}],"curies":[{"name":"wp","href":"https:\/\/api.w.org\/{rel}","templated":true}]}}